{"id":103,"date":"2026-01-15T18:21:01","date_gmt":"2026-01-15T17:21:01","guid":{"rendered":"https:\/\/brand-club.net\/?page_id=103"},"modified":"2026-04-10T09:58:58","modified_gmt":"2026-04-10T07:58:58","slug":"impressum","status":"publish","type":"page","link":"https:\/\/brand-club.net\/en\/impressum\/","title":{"rendered":"imprint"},"content":{"rendered":"<div data-elementor-type=\"wp-page\" data-elementor-id=\"103\" class=\"elementor elementor-103\" data-elementor-post-type=\"page\">\n\t\t\t\t<div class=\"elementor-element elementor-element-5679d6e e-flex e-con-boxed e-con e-parent\" data-id=\"5679d6e\" data-element_type=\"container\" data-e-type=\"container\">\n\t\t\t\t\t<div class=\"e-con-inner\">\n\t\t<div class=\"elementor-element elementor-element-58f4fba e-flex e-con-boxed e-con e-child\" data-id=\"58f4fba\" data-element_type=\"container\" data-e-type=\"container\" data-settings=\"{&quot;background_background&quot;:&quot;classic&quot;}\">\n\t\t\t\t\t<div class=\"e-con-inner\">\n\t\t\t\t<div class=\"elementor-element elementor-element-8709c11 elementor-widget elementor-widget-text-editor\" data-id=\"8709c11\" data-element_type=\"widget\" data-e-type=\"widget\" data-widget_type=\"text-editor.default\">\n\t\t\t\t\t\t\t\t\t<h1>imprint<\/h1><h2>\u00a0<\/h2><h2>Brand Club<\/h2><p>Taborstra\u00dfe 52B\/1\/17<br \/>1020 Vienna<br \/>Austria<\/p><p>office@brand-club.net<\/p><h3>\u00a0<\/h3><h3>Authorized representatives<\/h3><p>Bastian Schneider \u2013 President<br \/>Christian Prill \u2013 Managing Director<br \/>Nicole Wittmann \u2013 Treasurer<\/p><p>The president represents the association jointly with the managing director. Legally binding declarations of the association require the signatures of the president and managing director; insofar as they concern financial matters, the countersignature of the treasurer is required.<\/p><h3>\u00a0<\/h3><h3>Audiovisual media services<\/h3><p>Country of origin: Austria<\/p><p>Competent regulatory or supervisory authority: Communications Authority Austria (KommAustria), <a href=\"https:\/\/www.rtr.at\" target=\"_blank\" rel=\"noopener\">https:\/\/www.rtr.at<\/a><\/p><h3>\u00a0<\/h3><h3>Register and registration number<\/h3><p>Register of associations maintained at:<br \/>Vienna State Police Directorate, Department for Associations, Assemblies and Media Law<br \/>ZVR number: 047912078<\/p><h3>\u00a0<\/h3><h3>Social media and other online presences<\/h3><p>This legal notice also applies to the following social media presences and online profiles:<\/p><p><a href=\"http:\/\/brand-club.eventbrite.com\/\" target=\"_blank\" rel=\"noopener\">http:\/\/brand-club.eventbrite.com\/<\/a><\/p><p><a href=\"https:\/\/www.linkedin.com\/company\/brand-club-net\" target=\"_blank\" rel=\"noopener\">https:\/\/www.linkedin.com\/company\/brand-club-net<\/a><\/p><p><a href=\"https:\/\/www.xing.com\/pages\/brand-club\" target=\"_blank\" rel=\"noopener\">https:\/\/www.xing.com\/pages\/brand-club<\/a><\/p><p><a href=\"https:\/\/www.facebook.com\/BrandClubNet\" target=\"_blank\" rel=\"noopener\">https:\/\/www.facebook.com\/BrandClubNet<\/a><\/p><p><a href=\"https:\/\/www.instagram.com\/brandclubaustria\/\" target=\"_blank\" rel=\"noopener\">https:\/\/www.instagram.com\/brandclub.dach\/<\/a><\/p>\t\t\t\t\t\t\t\t<\/div>\n\t\t\t\t\t<\/div>\n\t\t\t\t<\/div>\n\t\t\t\t\t<\/div>\n\t\t\t\t<\/div>\n\t\t\t\t<\/div>","protected":false},"excerpt":{"rendered":"<p>Impressum \u00a0 Brand Club Taborstra\u00dfe 52B\/1\/171020 Wien\u00d6sterreich office@brand-club.net \u00a0 Vertretungsberechtigte Personen Bastian Schneider &#8211; Pr\u00e4sidentChristian Prill &#8211; Gesch\u00e4ftsf\u00fchrerNicole Wittmann &#8211; Schatzmeisterin Der Pr\u00e4sident vertritt den Verein gemeinsam mit dem Gesch\u00e4ftsf\u00fchrer. Rechtsgesch\u00e4ftliche Erkl\u00e4rungen des Vereins bed\u00fcrfen der Zeichnung von Pr\u00e4sident und Gesch\u00e4ftsf\u00fchrer, soweit es sich um finanzielle Angelegenheiten handelt, der Gegenzeichnung des Schatzmeisters. \u00a0 Audiovisuelle Mediendienste [&hellip;]<\/p>\n","protected":false},"author":6,"featured_media":0,"parent":0,"menu_order":0,"comment_status":"closed","ping_status":"closed","template":"","meta":{"_acf_changed":false,"footnotes":""},"class_list":["post-103","page","type-page","status-publish","hentry"],"acf":[],"_links":{"self":[{"href":"https:\/\/brand-club.net\/en\/wp-json\/wp\/v2\/pages\/103","targetHints":{"allow":["GET"]}}],"collection":[{"href":"https:\/\/brand-club.net\/en\/wp-json\/wp\/v2\/pages"}],"about":[{"href":"https:\/\/brand-club.net\/en\/wp-json\/wp\/v2\/types\/page"}],"author":[{"embeddable":true,"href":"https:\/\/brand-club.net\/en\/wp-json\/wp\/v2\/users\/6"}],"replies":[{"embeddable":true,"href":"https:\/\/brand-club.net\/en\/wp-json\/wp\/v2\/comments?post=103"}],"version-history":[{"count":10,"href":"https:\/\/brand-club.net\/en\/wp-json\/wp\/v2\/pages\/103\/revisions"}],"predecessor-version":[{"id":6642,"href":"https:\/\/brand-club.net\/en\/wp-json\/wp\/v2\/pages\/103\/revisions\/6642"}],"wp:attachment":[{"href":"https:\/\/brand-club.net\/en\/wp-json\/wp\/v2\/media?parent=103"}],"curies":[{"name":"wp","href":"https:\/\/api.w.org\/{rel}","templated":true}]}}