{"id":101,"date":"2026-01-15T18:20:41","date_gmt":"2026-01-15T17:20:41","guid":{"rendered":"https:\/\/brand-club.net\/?page_id=101"},"modified":"2026-04-10T09:42:34","modified_gmt":"2026-04-10T07:42:34","slug":"datenschutz","status":"publish","type":"page","link":"https:\/\/brand-club.net\/en\/datenschutz\/","title":{"rendered":"Data protection"},"content":{"rendered":"<div data-elementor-type=\"wp-page\" data-elementor-id=\"101\" class=\"elementor elementor-101\" data-elementor-post-type=\"page\">\n\t\t\t\t<div class=\"elementor-element elementor-element-4be63ad e-flex e-con-boxed e-con e-parent\" data-id=\"4be63ad\" data-element_type=\"container\" data-e-type=\"container\">\n\t\t\t\t\t<div class=\"e-con-inner\">\n\t\t<div class=\"elementor-element elementor-element-2be53ef e-flex e-con-boxed e-con e-child\" data-id=\"2be53ef\" data-element_type=\"container\" data-e-type=\"container\" data-settings=\"{&quot;background_background&quot;:&quot;classic&quot;}\">\n\t\t\t\t\t<div class=\"e-con-inner\">\n\t\t\t\t<div class=\"elementor-element elementor-element-f19dd28 elementor-widget elementor-widget-text-editor\" data-id=\"f19dd28\" data-element_type=\"widget\" data-e-type=\"widget\" data-widget_type=\"text-editor.default\">\n\t\t\t\t\t\t\t\t\t<h1>Privacy Policy<\/h1><h2>1. Data protection at a glance<\/h2><h3>General information<\/h3><p>The following information provides a simple overview of what happens to your personal data when you visit this website. Personal data is any data that can be used to personally identify you. Detailed information on data protection can be found in our privacy policy, which is linked below.<\/p><h3>Data collection on this website<\/h3><h4>Who is responsible for data collection on this website?<\/h4><p>Data processing on this website is carried out by the website operator. Their contact details can be found in the section &quot;Information on the responsible body&quot; in this privacy policy.<\/p><h4>How do we collect your data?<\/h4><p>Your data is collected, firstly, because you provide it to us. This could include, for example, data that you enter into a contact form.<\/p><p>Other data is collected automatically or with your consent by our IT systems when you visit the website. This is primarily technical data (e.g., internet browser, operating system, or time of page access). This data is collected automatically as soon as you access this website.<\/p><h4>What do we use your data for?<\/h4><p>Some data is collected to ensure the website functions correctly. Other data may be used to analyze your user behavior. If contracts can be concluded or initiated via the website, the transmitted data will also be processed for contract offers, orders, or other inquiries.<\/p><h4>What rights do you have regarding your data?<\/h4><p>You have the right to obtain information free of charge at any time regarding the origin, recipients, and purpose of your stored personal data. You also have the right to request the correction or deletion of this data. If you have given your consent to data processing, you can revoke this consent at any time for the future. Furthermore, you have the right, under certain circumstances, to request the restriction of the processing of your personal data. You also have the right to lodge a complaint with the competent supervisory authority.<\/p><p>For this and other questions regarding data protection, please feel free to contact us at any time.<\/p><h3>Analytics tools and third-party tools<\/h3><p>When you visit this website, your browsing behavior may be statistically analyzed. This is done primarily using so-called analytics programs.<\/p><p>Detailed information about these analytics programs can be found in the following privacy policy.<\/p><h2>2. Hosting<\/h2><p>We host the content of our website with the following provider:<\/p><h3>All-inclusive<\/h3><p>The provider is ALL-INKL.COM \u2013 Neue Medien M\u00fcnnich, owner Ren\u00e9 M\u00fcnnich, Hauptstra\u00dfe 68, 02742 Friedersdorf (hereinafter referred to as All-Inkl). For details, please refer to All-Inkl&#039;s privacy policy. <a href=\"https:\/\/all-inkl.com\/datenschutzinformationen\/\" target=\"_blank\" rel=\"noopener noreferrer\">https:\/\/all-inkl.com\/datenschutzinformationen\/<\/a>.<\/p><p>The use of All-Inkl is based on Article 6(1)(f) GDPR. We have a legitimate interest in ensuring the most reliable presentation of our website possible. If corresponding consent has been requested, processing is carried out exclusively on the basis of Article 6(1)(a) GDPR and Section 25(1) TDDDG, insofar as the consent includes the storage of cookies or access to information on the user&#039;s device (e.g., device fingerprinting) within the meaning of the TDDDG. Consent can be withdrawn at any time.<\/p><h4>Order processing<\/h4><p>We have concluded a data processing agreement (DPA) for the use of the aforementioned service. This is a legally required contract under data protection law, which ensures that the service provider processes the personal data of our website visitors only according to our instructions and in compliance with the GDPR.<\/p><h2>3. General information and mandatory disclosures<\/h2><h3>Data protection<\/h3><p>The operators of this website take the protection of your personal data very seriously. We treat your personal data confidentially and in accordance with the statutory data protection regulations and this privacy policy.<\/p><p>When you use this website, various personal data are collected. Personal data is data that can be used to identify you personally. This privacy policy explains what data we collect and what we use it for. It also explains how and for what purpose this is done.<\/p><p>Please note that data transmission over the internet (e.g., when communicating via email) can have security vulnerabilities. Complete protection of data against access by third parties is not possible.<\/p><h3>Note regarding the responsible body<\/h3><p>The responsible body for data processing on this website is:<\/p><p>Brand Club<br \/>Taborstra\u00dfe 52B\/1\/17<br \/>1020 Vienna <br \/>Austria<\/p><p>Email: office@brand-club.net<\/p><p>The responsible entity is the natural or legal person who, alone or jointly with others, decides on the purposes and means of processing personal data (e.g. names, email addresses, etc.).<\/p><h3>Storage duration<\/h3><p>Unless a more specific retention period is stated within this privacy policy, your personal data will remain with us until the purpose for processing the data no longer applies. If you submit a legitimate request for erasure or withdraw your consent to data processing, your data will be deleted, provided we have no other legally permissible grounds for storing your personal data (e.g., tax or commercial law retention periods); in the latter case, the data will be deleted once these grounds cease to apply.<\/p><h3>General information on the legal basis for data processing on this website<\/h3><p>If you have consented to data processing, we process your personal data on the basis of Article 6(1)(a) GDPR or Article 9(2)(a) GDPR if special categories of data pursuant to Article 9(1) GDPR are processed. In the case of explicit consent to the transfer of personal data to third countries, data processing also takes place on the basis of Article 49(1)(a) GDPR. If you have consented to the storage of cookies or to access to information on your device (e.g., via device fingerprinting), data processing additionally takes place on the basis of Section 25(1) of the German Telemedia Act (TMG). You can withdraw your consent at any time. If your data is required for the performance of a contract or for taking steps prior to entering into a contract, we process your data on the basis of Article 6(1)(b) GDPR. Furthermore, we process your data if it is necessary for compliance with a legal obligation, on the basis of Article 6(1)(c) GDPR. Data processing may also be based on our legitimate interest pursuant to Art. 6 para. 1 lit. f GDPR. Information on the applicable legal bases in each individual case is provided in the following paragraphs of this privacy policy.<\/p><h3>Recipients of personal data<\/h3><p>As part of our business activities, we collaborate with various external parties. This sometimes requires the transfer of personal data to these external parties. We only disclose personal data to external parties if this is necessary for the performance of a contract, if we are legally obligated to do so (e.g., disclosure of data to tax authorities), if we have a legitimate interest in the disclosure pursuant to Article 6(1)(f) GDPR, or if another legal basis permits the data transfer. When using data processors, we only transfer our customers&#039; personal data on the basis of a valid data processing agreement. In the case of joint processing, a joint processing agreement is concluded.<\/p><h3>Revocation of your consent to data processing<\/h3><p>Many data processing operations are only possible with your explicit consent. You can revoke your consent at any time. The legality of data processing carried out before the revocation remains unaffected by the revocation.<\/p><h3>Right to object to data processing in special cases and to direct marketing (Art. 21 GDPR)<\/h3><p>If data processing is based on Article 6(1)(e) or (f) of the GDPR, you have the right to object, on grounds relating to your particular situation, at any time to processing of personal data concerning you; this also applies to profiling based on these provisions. The specific legal basis for each processing operation can be found in this privacy policy. If you object, we will no longer process your personal data unless we can demonstrate compelling legitimate grounds for the processing which override your interests, rights and freedoms or the processing serves the purpose of establishing, exercising or defending legal claims (objection pursuant to Art. 21 para. 1 GDPR).<\/p><p>If your personal data is processed for direct marketing purposes, you have the right to object at any time to the processing of your personal data for such marketing; this also applies to profiling insofar as it is related to such direct marketing. If you object, your personal data will subsequently no longer be processed for direct marketing purposes (objection pursuant to Article 21(2) GDPR).<\/p><h3>Right to lodge a complaint with the competent supervisory authority<\/h3><p>In the event of violations of the GDPR, data subjects have the right to lodge a complaint with a supervisory authority, in particular in the Member State of their habitual residence, their place of work, or the place of the alleged infringement. This right to lodge a complaint is without prejudice to any other administrative or judicial remedy.<\/p><h3>Right to data portability<\/h3><p>You have the right to receive the data that we process automatically based on your consent or in fulfillment of a contract, either for yourself or for a third party, in a commonly used, machine-readable format. If you request the direct transfer of the data to another controller, this will only be done if technically feasible.<\/p><h3>Information, correction and deletion<\/h3><p>Under applicable law, you have the right to request information, free of charge, about your stored personal data, its origin and recipients, and the purpose of the data processing, as well as the right to rectification or erasure of this data. You can contact us at any time with regard to this and any other questions concerning personal data.<\/p><h3>Right to restriction of processing<\/h3><p>You have the right to request the restriction of the processing of your personal data. You can contact us at any time to do so. The right to restrict processing exists in the following cases:<\/p><ul><li>If you dispute the accuracy of your personal data stored with us, we generally need time to verify this. For the duration of the verification process, you have the right to request the restriction of the processing of your personal data.<\/li><li>If the processing of your personal data was\/is unlawful, you can request the restriction of data processing instead of deletion.<\/li><li>If we no longer need your personal data, but you require it for the establishment, exercise or defense of legal claims, you have the right to request restriction of processing of your personal data instead of erasure.<\/li><li>If you have objected to processing pursuant to Article 21(1) GDPR, a balancing of interests between your interests and ours must be carried out. Until it is determined whose interests prevail, you have the right to request the restriction of the processing of your personal data.<\/li><\/ul><p>If you have restricted the processing of your personal data, this data \u2013 apart from being stored \u2013 may only be processed with your consent or for the establishment, exercise or defense of legal claims or for the protection of the rights of another natural or legal person or for reasons of important public interest of the European Union or of a Member State.<\/p><h3>SSL or TLS encryption<\/h3><p>This site uses SSL\/TLS encryption for security reasons and to protect the transmission of confidential information, such as orders or inquiries that you send to us as the site operator. You can recognize an encrypted connection by the fact that the browser&#039;s address bar changes from &quot;http:\/\/&quot; to &quot;https:\/\/&quot; and by the lock symbol in your browser&#039;s address bar.<\/p><p>When SSL or TLS encryption is enabled, the data you send to us cannot be read by third parties.<\/p><h2>4. Data collection on this website<\/h2><h3>Consent with Borlabs Cookie<\/h3><p>Our website uses Borlabs Cookie&#039;s consent technology to obtain your consent to the storage of certain cookies in your browser or the use of certain technologies, and to document this in accordance with data protection regulations. The provider of this technology is Borlabs GmbH, Hamburger Str. 11, 22083 Hamburg (hereinafter referred to as Borlabs).<\/p><p>When you visit our website, a Borlabs cookie is stored in your browser, which saves your consent preferences or any revocations of consent. This data is not shared with the provider of Borlabs Cookie.<\/p><p>The collected data will be stored until you request its deletion, delete the Borlabs Cookie yourself, or the purpose for data storage no longer applies. Mandatory legal retention periods remain unaffected. Details on Borlabs Cookie&#039;s data processing can be found at [link to Borlabs Cookie policy]. <a href=\"https:\/\/de.borlabs.io\/kb\/welche-daten-speichert-borlabs-cookie\/\" target=\"_blank\" rel=\"noopener noreferrer\">https:\/\/de.borlabs.io\/kb\/welche-daten-speichert-borlabs-cookie\/<\/a>.<\/p><p>The Borlabs Cookie Consent technology is used to obtain the legally required consent for the use of cookies. The legal basis for this is Article 6(1)(c) GDPR.<\/p><h2>5. Newsletter<\/h2><h3>Newsletter data<\/h3><p>If you wish to subscribe to the newsletter offered on this website, we require your email address and information that allows us to verify that you are the owner of the email address provided and that you agree to receive the newsletter. No further data is collected, or only on a voluntary basis. We use newsletter service providers, described below, to process the newsletters.<\/p><h3>Mailchimp<\/h3><p>This website uses Mailchimp for sending newsletters. The provider is Rocket Science Group LLC, 675 Ponce De Leon Ave NE, Suite 5000, Atlanta, GA 30308, USA.<\/p><p>Mailchimp is a service that can be used to organize and analyze the sending of newsletters, among other things. If you enter data for the purpose of subscribing to the newsletter (e.g., email address), this data will be stored on Mailchimp&#039;s servers in the USA.<\/p><p>We use Mailchimp to analyze our newsletter campaigns. When you open an email sent via Mailchimp, a file embedded in the email (a so-called web beacon) connects to Mailchimp&#039;s servers in the USA. This allows us to determine whether a newsletter message has been opened and which links, if any, have been clicked. Technical information is also collected (e.g., time of access, IP address, browser type, and operating system). This information cannot be linked to individual newsletter recipients. It is used solely for the statistical analysis of newsletter campaigns. The results of these analyses can be used to better tailor future newsletters to the interests of our recipients.<\/p><p>If you do not want your data analyzed by Mailchimp, you must unsubscribe from the newsletter. We provide a corresponding link for this purpose in every newsletter email.<\/p><p>Data processing is based on your consent (Art. 6 para. 1 lit. a GDPR). You can withdraw this consent at any time by unsubscribing from the newsletter. The lawfulness of data processing operations already carried out remains unaffected by the withdrawal.<\/p><p>The data you provided for the purpose of subscribing to our newsletter will be stored by us or our newsletter service provider until you unsubscribe. After you unsubscribe, your data will be deleted from the newsletter distribution list. Data stored for other purposes will remain unaffected.<\/p><p>Data transfers to the USA are based on the EU Commission&#039;s Standard Contractual Clauses. Details can be found here: <a href=\"https:\/\/mailchimp.com\/eu-us-data-transfer-statement\/\" target=\"_blank\" rel=\"noopener noreferrer\">https:\/\/mailchimp.com\/eu-us-data-transfer-statement\/<\/a> and <a href=\"https:\/\/mailchimp.com\/legal\/data-processing-addendum\/#Annex_C_-_Standard_Contractual_Clauses\" target=\"_blank\" rel=\"noopener noreferrer\">https:\/\/mailchimp.com\/legal\/data-processing-addendum\/#Annex_C_-_Standard_Contractual_Clauses<\/a>.<\/p><p>After you unsubscribe from our newsletter mailing list, your email address may be stored on a blacklist by us or our newsletter service provider if this is necessary to prevent future mailings. The data on the blacklist will only be used for this purpose and will not be combined with other data. This serves both your interest and our interest in complying with legal requirements for sending newsletters (legitimate interest within the meaning of Art. 6 para. 1 lit. f GDPR). Storage on the blacklist is not time-limited. <strong>You can object to the storage of your data if your interests outweigh our legitimate interest.<\/strong><\/p><p>For more information, please see Mailchimp&#039;s privacy policy at: <a href=\"https:\/\/mailchimp.com\/legal\/terms\/\" target=\"_blank\" rel=\"noopener noreferrer\">https:\/\/mailchimp.com\/legal\/terms\/<\/a>.<\/p><p>The company is certified under the EU-US Data Privacy Framework (DPF). The DPF is an agreement between the European Union and the USA designed to ensure compliance with European data protection standards for data processing in the USA. Every company certified under the DPF commits to adhering to these data protection standards. Further information is available from the provider at the following link: <a href=\"https:\/\/www.dataprivacyframework.gov\/participant\/7693\" target=\"_blank\" rel=\"noopener noreferrer\">https:\/\/www.dataprivacyframework.gov\/participant\/7693<\/a>.<\/p><h4>Order processing<\/h4><p>We have concluded a data processing agreement (DPA) for the use of the aforementioned service. This is a legally required contract under data protection law, which ensures that the service provider processes the personal data of our website visitors only according to our instructions and in compliance with the GDPR.<\/p><h2>6. Plugins and Tools<\/h2><h3>Google reCAPTCHA<\/h3><p>We use \u201eGoogle reCAPTCHA\u201c (hereinafter \u201ereCAPTCHA\u201c) on this website. The provider is Google Ireland Limited (\u201eGoogle\u201c), Gordon House, Barrow Street, Dublin 4, Ireland.<\/p><p>reCAPTCHA is used to verify whether data entry on this website (e.g., in a contact form) is done by a human or an automated program. To do this, reCAPTCHA analyzes the website visitor&#039;s behavior based on various characteristics. This analysis begins automatically as soon as the visitor enters the website. For the analysis, reCAPTCHA evaluates various pieces of information (e.g., IP address, the visitor&#039;s time spent on the website, or mouse movements made by the user). The data collected during the analysis is forwarded to Google.<\/p><p>The reCAPTCHA analysis runs entirely in the background. Website visitors are not notified that an analysis is taking place.<\/p><p>In this context, Google acts solely as a data processor within the meaning of Article 28 GDPR and will not use the data collected in this way for its own purposes. The use of this tool is based on a data processing agreement (DPA) with Google.<\/p><p>The data is stored and analyzed based on Article 6(1)(f) GDPR. The website operator has a legitimate interest in protecting its website from abusive automated access and spam. If consent has been obtained, processing is carried out exclusively on the basis of Article 6(1)(a) GDPR and Section 25(1) of the German Telemedia Act (TMG), insofar as the consent includes the storage of cookies or access to information on the user&#039;s device (e.g., device fingerprinting) within the meaning of the TDDG. Consent can be withdrawn at any time.<\/p><p>The company is certified under the EU-US Data Privacy Framework (DPF). The DPF is an agreement between the European Union and the USA designed to ensure compliance with European data protection standards for data processing in the USA. Every company certified under the DPF commits to adhering to these data protection standards. Further information is available from the provider at the following link: <a href=\"https:\/\/www.dataprivacyframework.gov\/participant\/5780\" target=\"_blank\" rel=\"noopener noreferrer\">https:\/\/www.dataprivacyframework.gov\/participant\/5780<\/a>.<\/p>\t\t\t\t\t\t\t\t<\/div>\n\t\t\t\t\t<\/div>\n\t\t\t\t<\/div>\n\t\t\t\t\t<\/div>\n\t\t\t\t<\/div>\n\t\t\t\t<\/div>","protected":false},"excerpt":{"rendered":"<p>Datenschutz\u00aderkl\u00e4rung 1. Datenschutz auf einen Blick Allgemeine Hinweise Die folgenden Hinweise geben einen einfachen \u00dcberblick dar\u00fcber, was mit Ihren personenbezogenen Daten passiert, wenn Sie diese Website besuchen. Personenbezogene Daten sind alle Daten, mit denen Sie pers\u00f6nlich identifiziert werden k\u00f6nnen. Ausf\u00fchrliche Informationen zum Thema Datenschutz entnehmen Sie unserer unter diesem Text aufgef\u00fchrten Datenschutzerkl\u00e4rung. Datenerfassung auf dieser [&hellip;]<\/p>\n","protected":false},"author":6,"featured_media":0,"parent":0,"menu_order":0,"comment_status":"closed","ping_status":"closed","template":"","meta":{"_acf_changed":false,"footnotes":""},"class_list":["post-101","page","type-page","status-publish","hentry"],"acf":[],"_links":{"self":[{"href":"https:\/\/brand-club.net\/en\/wp-json\/wp\/v2\/pages\/101","targetHints":{"allow":["GET"]}}],"collection":[{"href":"https:\/\/brand-club.net\/en\/wp-json\/wp\/v2\/pages"}],"about":[{"href":"https:\/\/brand-club.net\/en\/wp-json\/wp\/v2\/types\/page"}],"author":[{"embeddable":true,"href":"https:\/\/brand-club.net\/en\/wp-json\/wp\/v2\/users\/6"}],"replies":[{"embeddable":true,"href":"https:\/\/brand-club.net\/en\/wp-json\/wp\/v2\/comments?post=101"}],"version-history":[{"count":10,"href":"https:\/\/brand-club.net\/en\/wp-json\/wp\/v2\/pages\/101\/revisions"}],"predecessor-version":[{"id":6631,"href":"https:\/\/brand-club.net\/en\/wp-json\/wp\/v2\/pages\/101\/revisions\/6631"}],"wp:attachment":[{"href":"https:\/\/brand-club.net\/en\/wp-json\/wp\/v2\/media?parent=101"}],"curies":[{"name":"wp","href":"https:\/\/api.w.org\/{rel}","templated":true}]}}